{"id":10,"date":"2023-12-28T04:05:52","date_gmt":"2023-12-28T04:05:52","guid":{"rendered":"http:\/\/mexaroots.com\/?page_id=10"},"modified":"2023-12-28T04:20:18","modified_gmt":"2023-12-28T04:20:18","slug":"refund_returns","status":"publish","type":"page","link":"https:\/\/mexaroots.com\/index.php\/mezcal-artesanal-premium-2\/refund_returns\/","title":{"rendered":"T\u00e9rminos y Condiciones Generales"},"content":{"rendered":"\n<p>Mexaroots, S.A. de C.V.<\/p>\n\n\n\n<p>Fecha de entrada en vigencia: 27 de diciembre 2023<\/p>\n\n\n\n<p>1. Aceptaci\u00f3n de T\u00e9rminos:<\/p>\n\n\n\n<p>Al acceder y utilizar los servicios ofrecidos por Mexaroots, S.A. de C.V. (en adelante &#8220;la Empresa&#8221;), usted acepta plenamente los presentes T\u00e9rminos y Condiciones Generales (en adelante &#8220;T\u00e9rminos&#8221;). Si no est\u00e1 de acuerdo con alguno de los t\u00e9rminos, le instamos a que no utilice nuestros servicios.<\/p>\n\n\n\n<p>2. Uso del Sitio Web y Servicios:<\/p>\n\n\n\n<p>El usuario se compromete a utilizar el sitio web y los servicios ofrecidos por la Empresa de acuerdo con la ley, la moral, el orden p\u00fablico y los presentes T\u00e9rminos.<\/p>\n\n\n\n<p>3. Propiedad Intelectual:<\/p>\n\n\n\n<p>Todos los derechos de propiedad intelectual sobre el contenido de este sitio web y los servicios ofrecidos son propiedad exclusiva de la Empresa. Queda prohibida la reproducci\u00f3n, distribuci\u00f3n, modificaci\u00f3n o cualquier otro uso no autorizado del contenido sin el consentimiento expreso de la Empresa.<\/p>\n\n\n\n<p>4. Compras y Pagos:<\/p>\n\n\n\n<p>Al realizar una compra a trav\u00e9s de nuestro sitio web, el usuario se compromete a proporcionar informaci\u00f3n precisa y actualizada. Los pagos se procesar\u00e1n de acuerdo con los m\u00e9todos de pago ofrecidos por la Empresa.<\/p>\n\n\n\n<p>5. Env\u00edos y Devoluciones:<\/p>\n\n\n\n<p>Los t\u00e9rminos y condiciones de env\u00edos y devoluciones est\u00e1n detallados en la secci\u00f3n correspondiente de nuestro sitio web. El usuario acepta y entiende dichos t\u00e9rminos al realizar una compra.<\/p>\n\n\n\n<p>6. Privacidad y Protecci\u00f3n de Datos:<\/p>\n\n\n\n<p>La recopilaci\u00f3n y tratamiento de datos personales se rige por nuestro Aviso de Privacidad, el cual puede consultarse en nuestro sitio web. Al utilizar nuestros servicios, usted acepta los t\u00e9rminos de dicho aviso.<\/p>\n\n\n\n<p>7. Limitaci\u00f3n de Responsabilidad:<\/p>\n\n\n\n<p>La Empresa no se hace responsable por da\u00f1os directos, indirectos, incidentales, consecuentes o especiales que puedan surgir del uso o la imposibilidad de uso de nuestros servicios.<\/p>\n\n\n\n<p>8. Modificaci\u00f3n de T\u00e9rminos:<\/p>\n\n\n\n<p>La Empresa se reserva el derecho de modificar los presentes T\u00e9rminos en cualquier momento. Las modificaciones entrar\u00e1n en vigencia a partir de su publicaci\u00f3n en nuestro sitio web. Se recomienda revisar peri\u00f3dicamente los T\u00e9rminos para estar al tanto de cualquier cambio.<\/p>\n\n\n\n<p>9. Ley y Jurisdicci\u00f3n Aplicable:<\/p>\n\n\n\n<p>Estos T\u00e9rminos se regir\u00e1n e interpretar\u00e1n de acuerdo con las leyes de M\u00e9xico. Cualquier disputa que surja en relaci\u00f3n con estos T\u00e9rminos estar\u00e1 sujeta a la jurisdicci\u00f3n de los tribunales competentes en M\u00e9xico.<\/p>\n\n\n\n<p>10. Contacto:<\/p>\n\n\n\n<p>Para cualquier consulta o comentario relacionado con estos T\u00e9rminos y Condiciones Generales, por favor cont\u00e1ctenos a trav\u00e9s de info@mexaroots.com.<\/p>\n\n\n\n<p><\/p>\n","protected":false},"excerpt":{"rendered":"<p>Mexaroots, S.A. de C.V. Fecha de entrada en vigencia: 27 de diciembre 2023 1. Aceptaci\u00f3n de T\u00e9rminos: Al acceder y utilizar los servicios ofrecidos por Mexaroots, S.A. de C.V. (en adelante &#8220;la Empresa&#8221;), usted acepta plenamente los presentes T\u00e9rminos y Condiciones Generales (en adelante &#8220;T\u00e9rminos&#8221;). Si no est\u00e1 de acuerdo con alguno de los t\u00e9rminos, [&hellip;]<\/p>\n","protected":false},"author":1,"featured_media":0,"parent":6,"menu_order":0,"comment_status":"closed","ping_status":"closed","template":"","meta":{"om_disable_all_campaigns":false,"_monsterinsights_skip_tracking":false,"_monsterinsights_sitenote_active":false,"_monsterinsights_sitenote_note":"","_monsterinsights_sitenote_category":0,"_uf_show_specific_survey":0,"_uf_disable_surveys":false,"footnotes":""},"class_list":["post-10","page","type-page","status-publish","hentry"],"yoast_head":"<!-- This site is optimized with the Yoast SEO plugin v27.3 - https:\/\/yoast.com\/product\/yoast-seo-wordpress\/ -->\n<title>T\u00e9rminos y Condiciones Generales - mexaroots<\/title>\n<meta name=\"robots\" content=\"index, follow, max-snippet:-1, max-image-preview:large, max-video-preview:-1\" \/>\n<link rel=\"canonical\" href=\"https:\/\/mexaroots.com\/index.php\/mezcal-artesanal-premium-2\/refund_returns\/\" \/>\n<meta property=\"og:locale\" content=\"es_MX\" \/>\n<meta property=\"og:type\" content=\"article\" \/>\n<meta property=\"og:title\" content=\"T\u00e9rminos y Condiciones Generales - mexaroots\" \/>\n<meta property=\"og:description\" content=\"Mexaroots, S.A. de C.V. Fecha de entrada en vigencia: 27 de diciembre 2023 1. Aceptaci\u00f3n de T\u00e9rminos: Al acceder y utilizar los servicios ofrecidos por Mexaroots, S.A. de C.V. (en adelante &#8220;la Empresa&#8221;), usted acepta plenamente los presentes T\u00e9rminos y Condiciones Generales (en adelante &#8220;T\u00e9rminos&#8221;). Si no est\u00e1 de acuerdo con alguno de los t\u00e9rminos, [&hellip;]\" \/>\n<meta property=\"og:url\" content=\"https:\/\/mexaroots.com\/index.php\/mezcal-artesanal-premium-2\/refund_returns\/\" \/>\n<meta property=\"og:site_name\" content=\"mexaroots\" \/>\n<meta property=\"article:publisher\" content=\"https:\/\/www.facebook.com\/profile.php?id=100067409058150\" \/>\n<meta property=\"article:modified_time\" content=\"2023-12-28T04:20:18+00:00\" \/>\n<meta name=\"twitter:card\" content=\"summary_large_image\" \/>\n<meta name=\"twitter:label1\" content=\"Tiempo de lectura\" \/>\n\t<meta name=\"twitter:data1\" content=\"2 minutos\" \/>\n<script type=\"application\/ld+json\" class=\"yoast-schema-graph\">{\"@context\":\"https:\\\/\\\/schema.org\",\"@graph\":[{\"@type\":\"WebPage\",\"@id\":\"https:\\\/\\\/mexaroots.com\\\/index.php\\\/mezcal-artesanal-premium-2\\\/refund_returns\\\/\",\"url\":\"https:\\\/\\\/mexaroots.com\\\/index.php\\\/mezcal-artesanal-premium-2\\\/refund_returns\\\/\",\"name\":\"T\u00e9rminos y Condiciones Generales - mexaroots\",\"isPartOf\":{\"@id\":\"https:\\\/\\\/mexaroots.com\\\/#website\"},\"datePublished\":\"2023-12-28T04:05:52+00:00\",\"dateModified\":\"2023-12-28T04:20:18+00:00\",\"breadcrumb\":{\"@id\":\"https:\\\/\\\/mexaroots.com\\\/index.php\\\/mezcal-artesanal-premium-2\\\/refund_returns\\\/#breadcrumb\"},\"inLanguage\":\"es\",\"potentialAction\":[{\"@type\":\"ReadAction\",\"target\":[\"https:\\\/\\\/mexaroots.com\\\/index.php\\\/mezcal-artesanal-premium-2\\\/refund_returns\\\/\"]}]},{\"@type\":\"BreadcrumbList\",\"@id\":\"https:\\\/\\\/mexaroots.com\\\/index.php\\\/mezcal-artesanal-premium-2\\\/refund_returns\\\/#breadcrumb\",\"itemListElement\":[{\"@type\":\"ListItem\",\"position\":1,\"name\":\"Home\",\"item\":\"https:\\\/\\\/mexaroots.com\\\/\"},{\"@type\":\"ListItem\",\"position\":2,\"name\":\"Tienda\",\"item\":\"https:\\\/\\\/mexaroots.com\\\/index.php\\\/mezcal-artesanal-premium-2\\\/\"},{\"@type\":\"ListItem\",\"position\":3,\"name\":\"T\u00e9rminos y Condiciones Generales\"}]},{\"@type\":\"WebSite\",\"@id\":\"https:\\\/\\\/mexaroots.com\\\/#website\",\"url\":\"https:\\\/\\\/mexaroots.com\\\/\",\"name\":\"mexaroots\",\"description\":\"El sabor de tus raices\",\"publisher\":{\"@id\":\"https:\\\/\\\/mexaroots.com\\\/#organization\"},\"potentialAction\":[{\"@type\":\"SearchAction\",\"target\":{\"@type\":\"EntryPoint\",\"urlTemplate\":\"https:\\\/\\\/mexaroots.com\\\/?s={search_term_string}\"},\"query-input\":{\"@type\":\"PropertyValueSpecification\",\"valueRequired\":true,\"valueName\":\"search_term_string\"}}],\"inLanguage\":\"es\"},{\"@type\":\"Organization\",\"@id\":\"https:\\\/\\\/mexaroots.com\\\/#organization\",\"name\":\"mexaroots\",\"url\":\"https:\\\/\\\/mexaroots.com\\\/\",\"logo\":{\"@type\":\"ImageObject\",\"inLanguage\":\"es\",\"@id\":\"https:\\\/\\\/mexaroots.com\\\/#\\\/schema\\\/logo\\\/image\\\/\",\"url\":\"http:\\\/\\\/mexaroots.com\\\/wp-content\\\/uploads\\\/2023\\\/11\\\/horizontal_tagline_on_white_by_logaster-tarjeta-1.jpeg\",\"contentUrl\":\"http:\\\/\\\/mexaroots.com\\\/wp-content\\\/uploads\\\/2023\\\/11\\\/horizontal_tagline_on_white_by_logaster-tarjeta-1.jpeg\",\"width\":2000,\"height\":899,\"caption\":\"mexaroots\"},\"image\":{\"@id\":\"https:\\\/\\\/mexaroots.com\\\/#\\\/schema\\\/logo\\\/image\\\/\"},\"sameAs\":[\"https:\\\/\\\/www.facebook.com\\\/profile.php?id=100067409058150\"]}]}<\/script>\n<!-- \/ Yoast SEO plugin. -->","yoast_head_json":{"title":"T\u00e9rminos y Condiciones Generales - mexaroots","robots":{"index":"index","follow":"follow","max-snippet":"max-snippet:-1","max-image-preview":"max-image-preview:large","max-video-preview":"max-video-preview:-1"},"canonical":"https:\/\/mexaroots.com\/index.php\/mezcal-artesanal-premium-2\/refund_returns\/","og_locale":"es_MX","og_type":"article","og_title":"T\u00e9rminos y Condiciones Generales - mexaroots","og_description":"Mexaroots, S.A. de C.V. Fecha de entrada en vigencia: 27 de diciembre 2023 1. Aceptaci\u00f3n de T\u00e9rminos: Al acceder y utilizar los servicios ofrecidos por Mexaroots, S.A. de C.V. (en adelante &#8220;la Empresa&#8221;), usted acepta plenamente los presentes T\u00e9rminos y Condiciones Generales (en adelante &#8220;T\u00e9rminos&#8221;). Si no est\u00e1 de acuerdo con alguno de los t\u00e9rminos, [&hellip;]","og_url":"https:\/\/mexaroots.com\/index.php\/mezcal-artesanal-premium-2\/refund_returns\/","og_site_name":"mexaroots","article_publisher":"https:\/\/www.facebook.com\/profile.php?id=100067409058150","article_modified_time":"2023-12-28T04:20:18+00:00","twitter_card":"summary_large_image","twitter_misc":{"Tiempo de lectura":"2 minutos"},"schema":{"@context":"https:\/\/schema.org","@graph":[{"@type":"WebPage","@id":"https:\/\/mexaroots.com\/index.php\/mezcal-artesanal-premium-2\/refund_returns\/","url":"https:\/\/mexaroots.com\/index.php\/mezcal-artesanal-premium-2\/refund_returns\/","name":"T\u00e9rminos y Condiciones Generales - mexaroots","isPartOf":{"@id":"https:\/\/mexaroots.com\/#website"},"datePublished":"2023-12-28T04:05:52+00:00","dateModified":"2023-12-28T04:20:18+00:00","breadcrumb":{"@id":"https:\/\/mexaroots.com\/index.php\/mezcal-artesanal-premium-2\/refund_returns\/#breadcrumb"},"inLanguage":"es","potentialAction":[{"@type":"ReadAction","target":["https:\/\/mexaroots.com\/index.php\/mezcal-artesanal-premium-2\/refund_returns\/"]}]},{"@type":"BreadcrumbList","@id":"https:\/\/mexaroots.com\/index.php\/mezcal-artesanal-premium-2\/refund_returns\/#breadcrumb","itemListElement":[{"@type":"ListItem","position":1,"name":"Home","item":"https:\/\/mexaroots.com\/"},{"@type":"ListItem","position":2,"name":"Tienda","item":"https:\/\/mexaroots.com\/index.php\/mezcal-artesanal-premium-2\/"},{"@type":"ListItem","position":3,"name":"T\u00e9rminos y Condiciones Generales"}]},{"@type":"WebSite","@id":"https:\/\/mexaroots.com\/#website","url":"https:\/\/mexaroots.com\/","name":"mexaroots","description":"El sabor de tus raices","publisher":{"@id":"https:\/\/mexaroots.com\/#organization"},"potentialAction":[{"@type":"SearchAction","target":{"@type":"EntryPoint","urlTemplate":"https:\/\/mexaroots.com\/?s={search_term_string}"},"query-input":{"@type":"PropertyValueSpecification","valueRequired":true,"valueName":"search_term_string"}}],"inLanguage":"es"},{"@type":"Organization","@id":"https:\/\/mexaroots.com\/#organization","name":"mexaroots","url":"https:\/\/mexaroots.com\/","logo":{"@type":"ImageObject","inLanguage":"es","@id":"https:\/\/mexaroots.com\/#\/schema\/logo\/image\/","url":"http:\/\/mexaroots.com\/wp-content\/uploads\/2023\/11\/horizontal_tagline_on_white_by_logaster-tarjeta-1.jpeg","contentUrl":"http:\/\/mexaroots.com\/wp-content\/uploads\/2023\/11\/horizontal_tagline_on_white_by_logaster-tarjeta-1.jpeg","width":2000,"height":899,"caption":"mexaroots"},"image":{"@id":"https:\/\/mexaroots.com\/#\/schema\/logo\/image\/"},"sameAs":["https:\/\/www.facebook.com\/profile.php?id=100067409058150"]}]}},"_links":{"self":[{"href":"https:\/\/mexaroots.com\/index.php\/wp-json\/wp\/v2\/pages\/10","targetHints":{"allow":["GET"]}}],"collection":[{"href":"https:\/\/mexaroots.com\/index.php\/wp-json\/wp\/v2\/pages"}],"about":[{"href":"https:\/\/mexaroots.com\/index.php\/wp-json\/wp\/v2\/types\/page"}],"author":[{"embeddable":true,"href":"https:\/\/mexaroots.com\/index.php\/wp-json\/wp\/v2\/users\/1"}],"replies":[{"embeddable":true,"href":"https:\/\/mexaroots.com\/index.php\/wp-json\/wp\/v2\/comments?post=10"}],"version-history":[{"count":2,"href":"https:\/\/mexaroots.com\/index.php\/wp-json\/wp\/v2\/pages\/10\/revisions"}],"predecessor-version":[{"id":158,"href":"https:\/\/mexaroots.com\/index.php\/wp-json\/wp\/v2\/pages\/10\/revisions\/158"}],"up":[{"embeddable":true,"href":"https:\/\/mexaroots.com\/index.php\/wp-json\/wp\/v2\/pages\/6"}],"wp:attachment":[{"href":"https:\/\/mexaroots.com\/index.php\/wp-json\/wp\/v2\/media?parent=10"}],"curies":[{"name":"wp","href":"https:\/\/api.w.org\/{rel}","templated":true}]}}