{"id":3,"date":"2023-11-26T19:48:34","date_gmt":"2023-11-26T19:48:34","guid":{"rendered":"http:\/\/mexaroots.com\/?page_id=3"},"modified":"2025-01-20T22:44:08","modified_gmt":"2025-01-20T22:44:08","slug":"politica-privacidad","status":"publish","type":"page","link":"https:\/\/mexaroots.com\/index.php\/mezcal-artesanal-premium-2\/politica-privacidad\/","title":{"rendered":"Pol\u00edtica de privacidad"},"content":{"rendered":"\n<p>Aviso de Privacidad: Mexaroots<\/p>\n\n\n\n<p>En cumplimiento con la Ley Federal de Protecci\u00f3n de Datos Personales en Posesi\u00f3n de los Particulares (LFPDPPP) y su reglamento, Mexaroots, con domicilio en Manuel Avila Camacho 2610 Tlalnepantla Estado de M\u00e9xico, es responsable de recabar sus datos personales, del uso que se le d\u00e9 a los mismos y de su protecci\u00f3n.<\/p>\n\n\n\n<p>Datos Personales Recabados:<\/p>\n\n\n\n<p>Recabamos sus datos personales de forma directa cuando usted nos los proporciona al visitar nuestro sitio web, redes sociales, participar en nuestras promociones, adquirir nuestros productos, entre otros. Los datos que recabamos incluyen, de manera enunciativa pero no limitativa, nombre, direcci\u00f3n, correo electr\u00f3nico, n\u00famero telef\u00f3nico, y datos de facturaci\u00f3n.<\/p>\n\n\n\n<p>Finalidades del Tratamiento de Datos:<\/p>\n\n\n\n<p>Los datos personales que recabamos son utilizados para los siguientes fines:<\/p>\n\n\n\n<p>Procesar y gestionar pedidos de productos.<\/p>\n\n\n\n<p>Enviar informaci\u00f3n sobre promociones y eventos.<\/p>\n\n\n\n<p>Atender consultas y brindar servicio al cliente.<\/p>\n\n\n\n<p>Cumplir con obligaciones fiscales y contables.<\/p>\n\n\n\n<p>Transferencia de Datos:<\/p>\n\n\n\n<p>Sus datos personales podr\u00e1n ser compartidos con terceros solo en los casos permitidos por la ley, y siempre con el objetivo de cumplir con las finalidades establecidas en este aviso de privacidad.<\/p>\n\n\n\n<p>Medios para Ejercer sus Derechos ARCO:<\/p>\n\n\n\n<p>Usted tiene derecho de Acceder, Rectificar, Cancelar u Oponerse al tratamiento de sus datos personales (Derechos ARCO). Para ejercer estos derechos, as\u00ed como para conocer los procedimientos y requisitos, favor de ponerse en contacto con nuestro departamento de privacidad a trav\u00e9s de info@mexaroots.com.<\/p>\n\n\n\n<p>Seguridad de sus Datos Personales:<\/p>\n\n\n\n<p>Mexaroots implementa medidas de seguridad f\u00edsicas, t\u00e9cnicas y administrativas para proteger sus datos personales contra da\u00f1o, p\u00e9rdida, alteraci\u00f3n, destrucci\u00f3n o el uso, acceso o tratamiento no autorizado.<\/p>\n\n\n\n<p>Cambios al Aviso de Privacidad:<\/p>\n\n\n\n<p>Nos reservamos el derecho de efectuar en cualquier momento modificaciones o actualizaciones al presente aviso de privacidad, para la atenci\u00f3n de novedades legislativas, pol\u00edticas internas, nuevos requerimientos para la prestaci\u00f3n u ofrecimiento de nuestros productos y servicios.<\/p>\n\n\n\n<p>Consentimiento:<\/p>\n\n\n\n<p>Al proporcionar sus datos personales, usted reconoce que ha le\u00eddo y comprendido este aviso de privacidad, otorgando su consentimiento para el tratamiento de sus datos de acuerdo con las finalidades aqu\u00ed establecidas.<\/p>\n\n\n\n<p>Fecha de \u00faltima actualizaci\u00f3n: 27 de diciembre 2023<\/p>\n\n\n\n<p>Contacto:<\/p>\n\n\n\n<p>Para cualquier duda o comentario relacionado con la privacidad y protecci\u00f3n de datos, por favor cont\u00e1ctenos a trav\u00e9s de info@mexaroots.com.<\/p>\n","protected":false},"excerpt":{"rendered":"<p>Aviso de Privacidad: Mexaroots En cumplimiento con la Ley Federal de Protecci\u00f3n de Datos Personales en Posesi\u00f3n de los Particulares (LFPDPPP) y su reglamento, Mexaroots, con domicilio en Manuel Avila Camacho 2610 Tlalnepantla Estado de M\u00e9xico, es responsable de recabar sus datos personales, del uso que se le d\u00e9 a los mismos y de su [&hellip;]<\/p>\n","protected":false},"author":1,"featured_media":0,"parent":6,"menu_order":0,"comment_status":"closed","ping_status":"closed","template":"","meta":{"om_disable_all_campaigns":false,"_monsterinsights_skip_tracking":false,"_monsterinsights_sitenote_active":false,"_monsterinsights_sitenote_note":"","_monsterinsights_sitenote_category":0,"_uf_show_specific_survey":0,"_uf_disable_surveys":false,"footnotes":""},"class_list":["post-3","page","type-page","status-publish","hentry"],"yoast_head":"<!-- This site is optimized with the Yoast SEO plugin v27.3 - https:\/\/yoast.com\/product\/yoast-seo-wordpress\/ -->\n<title>Pol\u00edtica de privacidad - mexaroots<\/title>\n<meta name=\"robots\" content=\"index, follow, max-snippet:-1, max-image-preview:large, max-video-preview:-1\" \/>\n<link rel=\"canonical\" href=\"https:\/\/mexaroots.com\/index.php\/mezcal-artesanal-premium-2\/politica-privacidad\/\" \/>\n<meta property=\"og:locale\" content=\"es_MX\" \/>\n<meta property=\"og:type\" content=\"article\" \/>\n<meta property=\"og:title\" content=\"Pol\u00edtica de privacidad - mexaroots\" \/>\n<meta property=\"og:description\" content=\"Aviso de Privacidad: Mexaroots En cumplimiento con la Ley Federal de Protecci\u00f3n de Datos Personales en Posesi\u00f3n de los Particulares (LFPDPPP) y su reglamento, Mexaroots, con domicilio en Manuel Avila Camacho 2610 Tlalnepantla Estado de M\u00e9xico, es responsable de recabar sus datos personales, del uso que se le d\u00e9 a los mismos y de su [&hellip;]\" \/>\n<meta property=\"og:url\" content=\"https:\/\/mexaroots.com\/index.php\/mezcal-artesanal-premium-2\/politica-privacidad\/\" \/>\n<meta property=\"og:site_name\" content=\"mexaroots\" \/>\n<meta property=\"article:publisher\" content=\"https:\/\/www.facebook.com\/profile.php?id=100067409058150\" \/>\n<meta property=\"article:modified_time\" content=\"2025-01-20T22:44:08+00:00\" \/>\n<meta name=\"twitter:card\" content=\"summary_large_image\" \/>\n<meta name=\"twitter:label1\" content=\"Tiempo de lectura\" \/>\n\t<meta name=\"twitter:data1\" content=\"2 minutos\" \/>\n<script type=\"application\/ld+json\" class=\"yoast-schema-graph\">{\"@context\":\"https:\\\/\\\/schema.org\",\"@graph\":[{\"@type\":\"WebPage\",\"@id\":\"https:\\\/\\\/mexaroots.com\\\/index.php\\\/mezcal-artesanal-premium-2\\\/politica-privacidad\\\/\",\"url\":\"https:\\\/\\\/mexaroots.com\\\/index.php\\\/mezcal-artesanal-premium-2\\\/politica-privacidad\\\/\",\"name\":\"Pol\u00edtica de privacidad - mexaroots\",\"isPartOf\":{\"@id\":\"https:\\\/\\\/mexaroots.com\\\/#website\"},\"datePublished\":\"2023-11-26T19:48:34+00:00\",\"dateModified\":\"2025-01-20T22:44:08+00:00\",\"breadcrumb\":{\"@id\":\"https:\\\/\\\/mexaroots.com\\\/index.php\\\/mezcal-artesanal-premium-2\\\/politica-privacidad\\\/#breadcrumb\"},\"inLanguage\":\"es\",\"potentialAction\":[{\"@type\":\"ReadAction\",\"target\":[\"https:\\\/\\\/mexaroots.com\\\/index.php\\\/mezcal-artesanal-premium-2\\\/politica-privacidad\\\/\"]}]},{\"@type\":\"BreadcrumbList\",\"@id\":\"https:\\\/\\\/mexaroots.com\\\/index.php\\\/mezcal-artesanal-premium-2\\\/politica-privacidad\\\/#breadcrumb\",\"itemListElement\":[{\"@type\":\"ListItem\",\"position\":1,\"name\":\"Home\",\"item\":\"https:\\\/\\\/mexaroots.com\\\/\"},{\"@type\":\"ListItem\",\"position\":2,\"name\":\"Tienda\",\"item\":\"https:\\\/\\\/mexaroots.com\\\/index.php\\\/mezcal-artesanal-premium-2\\\/\"},{\"@type\":\"ListItem\",\"position\":3,\"name\":\"Pol\u00edtica de privacidad\"}]},{\"@type\":\"WebSite\",\"@id\":\"https:\\\/\\\/mexaroots.com\\\/#website\",\"url\":\"https:\\\/\\\/mexaroots.com\\\/\",\"name\":\"mexaroots\",\"description\":\"El sabor de tus raices\",\"publisher\":{\"@id\":\"https:\\\/\\\/mexaroots.com\\\/#organization\"},\"potentialAction\":[{\"@type\":\"SearchAction\",\"target\":{\"@type\":\"EntryPoint\",\"urlTemplate\":\"https:\\\/\\\/mexaroots.com\\\/?s={search_term_string}\"},\"query-input\":{\"@type\":\"PropertyValueSpecification\",\"valueRequired\":true,\"valueName\":\"search_term_string\"}}],\"inLanguage\":\"es\"},{\"@type\":\"Organization\",\"@id\":\"https:\\\/\\\/mexaroots.com\\\/#organization\",\"name\":\"mexaroots\",\"url\":\"https:\\\/\\\/mexaroots.com\\\/\",\"logo\":{\"@type\":\"ImageObject\",\"inLanguage\":\"es\",\"@id\":\"https:\\\/\\\/mexaroots.com\\\/#\\\/schema\\\/logo\\\/image\\\/\",\"url\":\"http:\\\/\\\/mexaroots.com\\\/wp-content\\\/uploads\\\/2023\\\/11\\\/horizontal_tagline_on_white_by_logaster-tarjeta-1.jpeg\",\"contentUrl\":\"http:\\\/\\\/mexaroots.com\\\/wp-content\\\/uploads\\\/2023\\\/11\\\/horizontal_tagline_on_white_by_logaster-tarjeta-1.jpeg\",\"width\":2000,\"height\":899,\"caption\":\"mexaroots\"},\"image\":{\"@id\":\"https:\\\/\\\/mexaroots.com\\\/#\\\/schema\\\/logo\\\/image\\\/\"},\"sameAs\":[\"https:\\\/\\\/www.facebook.com\\\/profile.php?id=100067409058150\"]}]}<\/script>\n<!-- \/ Yoast SEO plugin. -->","yoast_head_json":{"title":"Pol\u00edtica de privacidad - mexaroots","robots":{"index":"index","follow":"follow","max-snippet":"max-snippet:-1","max-image-preview":"max-image-preview:large","max-video-preview":"max-video-preview:-1"},"canonical":"https:\/\/mexaroots.com\/index.php\/mezcal-artesanal-premium-2\/politica-privacidad\/","og_locale":"es_MX","og_type":"article","og_title":"Pol\u00edtica de privacidad - mexaroots","og_description":"Aviso de Privacidad: Mexaroots En cumplimiento con la Ley Federal de Protecci\u00f3n de Datos Personales en Posesi\u00f3n de los Particulares (LFPDPPP) y su reglamento, Mexaroots, con domicilio en Manuel Avila Camacho 2610 Tlalnepantla Estado de M\u00e9xico, es responsable de recabar sus datos personales, del uso que se le d\u00e9 a los mismos y de su [&hellip;]","og_url":"https:\/\/mexaroots.com\/index.php\/mezcal-artesanal-premium-2\/politica-privacidad\/","og_site_name":"mexaroots","article_publisher":"https:\/\/www.facebook.com\/profile.php?id=100067409058150","article_modified_time":"2025-01-20T22:44:08+00:00","twitter_card":"summary_large_image","twitter_misc":{"Tiempo de lectura":"2 minutos"},"schema":{"@context":"https:\/\/schema.org","@graph":[{"@type":"WebPage","@id":"https:\/\/mexaroots.com\/index.php\/mezcal-artesanal-premium-2\/politica-privacidad\/","url":"https:\/\/mexaroots.com\/index.php\/mezcal-artesanal-premium-2\/politica-privacidad\/","name":"Pol\u00edtica de privacidad - mexaroots","isPartOf":{"@id":"https:\/\/mexaroots.com\/#website"},"datePublished":"2023-11-26T19:48:34+00:00","dateModified":"2025-01-20T22:44:08+00:00","breadcrumb":{"@id":"https:\/\/mexaroots.com\/index.php\/mezcal-artesanal-premium-2\/politica-privacidad\/#breadcrumb"},"inLanguage":"es","potentialAction":[{"@type":"ReadAction","target":["https:\/\/mexaroots.com\/index.php\/mezcal-artesanal-premium-2\/politica-privacidad\/"]}]},{"@type":"BreadcrumbList","@id":"https:\/\/mexaroots.com\/index.php\/mezcal-artesanal-premium-2\/politica-privacidad\/#breadcrumb","itemListElement":[{"@type":"ListItem","position":1,"name":"Home","item":"https:\/\/mexaroots.com\/"},{"@type":"ListItem","position":2,"name":"Tienda","item":"https:\/\/mexaroots.com\/index.php\/mezcal-artesanal-premium-2\/"},{"@type":"ListItem","position":3,"name":"Pol\u00edtica de privacidad"}]},{"@type":"WebSite","@id":"https:\/\/mexaroots.com\/#website","url":"https:\/\/mexaroots.com\/","name":"mexaroots","description":"El sabor de tus raices","publisher":{"@id":"https:\/\/mexaroots.com\/#organization"},"potentialAction":[{"@type":"SearchAction","target":{"@type":"EntryPoint","urlTemplate":"https:\/\/mexaroots.com\/?s={search_term_string}"},"query-input":{"@type":"PropertyValueSpecification","valueRequired":true,"valueName":"search_term_string"}}],"inLanguage":"es"},{"@type":"Organization","@id":"https:\/\/mexaroots.com\/#organization","name":"mexaroots","url":"https:\/\/mexaroots.com\/","logo":{"@type":"ImageObject","inLanguage":"es","@id":"https:\/\/mexaroots.com\/#\/schema\/logo\/image\/","url":"http:\/\/mexaroots.com\/wp-content\/uploads\/2023\/11\/horizontal_tagline_on_white_by_logaster-tarjeta-1.jpeg","contentUrl":"http:\/\/mexaroots.com\/wp-content\/uploads\/2023\/11\/horizontal_tagline_on_white_by_logaster-tarjeta-1.jpeg","width":2000,"height":899,"caption":"mexaroots"},"image":{"@id":"https:\/\/mexaroots.com\/#\/schema\/logo\/image\/"},"sameAs":["https:\/\/www.facebook.com\/profile.php?id=100067409058150"]}]}},"_links":{"self":[{"href":"https:\/\/mexaroots.com\/index.php\/wp-json\/wp\/v2\/pages\/3","targetHints":{"allow":["GET"]}}],"collection":[{"href":"https:\/\/mexaroots.com\/index.php\/wp-json\/wp\/v2\/pages"}],"about":[{"href":"https:\/\/mexaroots.com\/index.php\/wp-json\/wp\/v2\/types\/page"}],"author":[{"embeddable":true,"href":"https:\/\/mexaroots.com\/index.php\/wp-json\/wp\/v2\/users\/1"}],"replies":[{"embeddable":true,"href":"https:\/\/mexaroots.com\/index.php\/wp-json\/wp\/v2\/comments?post=3"}],"version-history":[{"count":3,"href":"https:\/\/mexaroots.com\/index.php\/wp-json\/wp\/v2\/pages\/3\/revisions"}],"predecessor-version":[{"id":206,"href":"https:\/\/mexaroots.com\/index.php\/wp-json\/wp\/v2\/pages\/3\/revisions\/206"}],"up":[{"embeddable":true,"href":"https:\/\/mexaroots.com\/index.php\/wp-json\/wp\/v2\/pages\/6"}],"wp:attachment":[{"href":"https:\/\/mexaroots.com\/index.php\/wp-json\/wp\/v2\/media?parent=3"}],"curies":[{"name":"wp","href":"https:\/\/api.w.org\/{rel}","templated":true}]}}