{"id":152,"date":"2023-12-27T23:32:47","date_gmt":"2023-12-27T23:32:47","guid":{"rendered":"https:\/\/mexaroots.com\/?post_type=product&#038;p=152"},"modified":"2025-07-16T22:47:44","modified_gmt":"2025-07-16T22:47:44","slug":"mezcal-artesanal-premium","status":"publish","type":"product","link":"https:\/\/mexaroots.com\/index.php\/product\/mezcal-artesanal-premium\/","title":{"rendered":"Botella 750ml de mezcal MEXAROOTS  alc. vol. 40\u00b0"},"content":{"rendered":"<p>Descubre la esencia aut\u00e9ntica de M\u00e9xico con nuestra botella de Mezcal Espad\u00edn, elaborada de manera artesanal a partir de agave Espad\u00edn de la regi\u00f3n de Oaxaca. Este mezcal premium ofrece un sabor ahumado y rico, con notas de frutas tropicales y un final suave que deleitar\u00e1 tu paladar. Ideal para disfrutar solo, en c\u00f3cteles o como acompa\u00f1amiento de tus platillos favoritos, nuestra botella se convierte en el complemento perfecto para cualquier ocasi\u00f3n. \u00a1Brinda con tradici\u00f3n y sabor en cada sorbo!<\/p>\n","protected":false},"excerpt":{"rendered":"<p>Notas de cata<\/p>\n<p>Aroma: ahumado ligero con notas herbales<br \/>\nSabor: agave cocido, c\u00edtricos, madera<\/p>\n<p>Final: persistente y equilibrado<\/p>\n<p>Detalles del mezcal<\/p>\n<p>Tipo de agave: Espad\u00edn<br \/>\nRegi\u00f3n: Oaxaca, M\u00e9xico<br \/>\nMaestro mezcalero: Don Eulogio Mart\u00ednez<br \/>\nContenido: 750 ml<br \/>\nAlcohol: 40<\/p>\n","protected":false},"featured_media":209,"comment_status":"open","ping_status":"closed","template":"","meta":{"om_disable_all_campaigns":false,"_monsterinsights_skip_tracking":false,"_monsterinsights_sitenote_active":false,"_monsterinsights_sitenote_note":"","_monsterinsights_sitenote_category":0,"_uf_show_specific_survey":0,"_uf_disable_surveys":false},"product_brand":[],"product_cat":[15],"product_tag":[],"class_list":{"0":"post-152","1":"product","2":"type-product","3":"status-publish","4":"has-post-thumbnail","6":"product_cat-uncategorized","8":"first","9":"instock","10":"sale","11":"taxable","12":"shipping-taxable","13":"purchasable","14":"product-type-simple"},"yoast_head":"<!-- This site is optimized with the Yoast SEO plugin v27.3 - https:\/\/yoast.com\/product\/yoast-seo-wordpress\/ -->\n<title>Botella 750ml de mezcal MEXAROOTS alc. vol. 40\u00b0 - mexaroots<\/title>\n<meta name=\"description\" content=\"Compra mezcal 100% artesanal, directo de Oaxaca. Descubre sabores aut\u00e9nticos y ediciones limitadas con env\u00edos a todo M\u00e9xico.\" \/>\n<meta name=\"robots\" content=\"index, follow, max-snippet:-1, max-image-preview:large, max-video-preview:-1\" \/>\n<link rel=\"canonical\" href=\"https:\/\/mexaroots.com\/index.php\/product\/mezcal-artesanal-premium\/\" \/>\n<meta property=\"og:locale\" content=\"es_MX\" \/>\n<meta property=\"og:type\" content=\"article\" \/>\n<meta property=\"og:title\" content=\"Botella 750ml de mezcal MEXAROOTS alc. vol. 40\u00b0 - mexaroots\" \/>\n<meta property=\"og:description\" content=\"Compra mezcal 100% artesanal, directo de Oaxaca. Descubre sabores aut\u00e9nticos y ediciones limitadas con env\u00edos a todo M\u00e9xico.\" \/>\n<meta property=\"og:url\" content=\"https:\/\/mexaroots.com\/index.php\/product\/mezcal-artesanal-premium\/\" \/>\n<meta property=\"og:site_name\" content=\"mexaroots\" \/>\n<meta property=\"article:publisher\" content=\"https:\/\/www.facebook.com\/profile.php?id=100067409058150\" \/>\n<meta property=\"article:modified_time\" content=\"2025-07-16T22:47:44+00:00\" \/>\n<meta property=\"og:image\" content=\"https:\/\/mexaroots.com\/wp-content\/uploads\/2023\/12\/WhatsApp-Image-2025-01-22-at-102.jpg\" \/>\n\t<meta property=\"og:image:width\" content=\"1201\" \/>\n\t<meta property=\"og:image:height\" content=\"1600\" \/>\n\t<meta property=\"og:image:type\" content=\"image\/jpeg\" \/>\n<meta name=\"twitter:card\" content=\"summary_large_image\" \/>\n<meta name=\"twitter:label1\" content=\"Tiempo de lectura\" \/>\n\t<meta name=\"twitter:data1\" content=\"1 minuto\" \/>\n<script type=\"application\/ld+json\" class=\"yoast-schema-graph\">{\"@context\":\"https:\\\/\\\/schema.org\",\"@graph\":[{\"@type\":\"WebPage\",\"@id\":\"https:\\\/\\\/mexaroots.com\\\/index.php\\\/product\\\/mezcal-artesanal-premium\\\/\",\"url\":\"https:\\\/\\\/mexaroots.com\\\/index.php\\\/product\\\/mezcal-artesanal-premium\\\/\",\"name\":\"Botella 750ml de mezcal MEXAROOTS alc. vol. 40\u00b0 - mexaroots\",\"isPartOf\":{\"@id\":\"https:\\\/\\\/mexaroots.com\\\/#website\"},\"primaryImageOfPage\":{\"@id\":\"https:\\\/\\\/mexaroots.com\\\/index.php\\\/product\\\/mezcal-artesanal-premium\\\/#primaryimage\"},\"image\":{\"@id\":\"https:\\\/\\\/mexaroots.com\\\/index.php\\\/product\\\/mezcal-artesanal-premium\\\/#primaryimage\"},\"thumbnailUrl\":\"https:\\\/\\\/mexaroots.com\\\/wp-content\\\/uploads\\\/2023\\\/12\\\/WhatsApp-Image-2025-01-22-at-102.jpg\",\"datePublished\":\"2023-12-27T23:32:47+00:00\",\"dateModified\":\"2025-07-16T22:47:44+00:00\",\"description\":\"Compra mezcal 100% artesanal, directo de Oaxaca. Descubre sabores aut\u00e9nticos y ediciones limitadas con env\u00edos a todo M\u00e9xico.\",\"breadcrumb\":{\"@id\":\"https:\\\/\\\/mexaroots.com\\\/index.php\\\/product\\\/mezcal-artesanal-premium\\\/#breadcrumb\"},\"inLanguage\":\"es\",\"potentialAction\":[{\"@type\":\"ReadAction\",\"target\":[\"https:\\\/\\\/mexaroots.com\\\/index.php\\\/product\\\/mezcal-artesanal-premium\\\/\"]}]},{\"@type\":\"ImageObject\",\"inLanguage\":\"es\",\"@id\":\"https:\\\/\\\/mexaroots.com\\\/index.php\\\/product\\\/mezcal-artesanal-premium\\\/#primaryimage\",\"url\":\"https:\\\/\\\/mexaroots.com\\\/wp-content\\\/uploads\\\/2023\\\/12\\\/WhatsApp-Image-2025-01-22-at-102.jpg\",\"contentUrl\":\"https:\\\/\\\/mexaroots.com\\\/wp-content\\\/uploads\\\/2023\\\/12\\\/WhatsApp-Image-2025-01-22-at-102.jpg\",\"width\":1201,\"height\":1600},{\"@type\":\"BreadcrumbList\",\"@id\":\"https:\\\/\\\/mexaroots.com\\\/index.php\\\/product\\\/mezcal-artesanal-premium\\\/#breadcrumb\",\"itemListElement\":[{\"@type\":\"ListItem\",\"position\":1,\"name\":\"Home\",\"item\":\"https:\\\/\\\/mexaroots.com\\\/\"},{\"@type\":\"ListItem\",\"position\":2,\"name\":\"Tienda\",\"item\":\"https:\\\/\\\/mexaroots.com\\\/index.php\\\/mezcal-artesanal-premium-2\\\/\"},{\"@type\":\"ListItem\",\"position\":3,\"name\":\"Botella 750ml de mezcal MEXAROOTS alc. vol. 40\u00b0\"}]},{\"@type\":\"WebSite\",\"@id\":\"https:\\\/\\\/mexaroots.com\\\/#website\",\"url\":\"https:\\\/\\\/mexaroots.com\\\/\",\"name\":\"mexaroots\",\"description\":\"El sabor de tus raices\",\"publisher\":{\"@id\":\"https:\\\/\\\/mexaroots.com\\\/#organization\"},\"potentialAction\":[{\"@type\":\"SearchAction\",\"target\":{\"@type\":\"EntryPoint\",\"urlTemplate\":\"https:\\\/\\\/mexaroots.com\\\/?s={search_term_string}\"},\"query-input\":{\"@type\":\"PropertyValueSpecification\",\"valueRequired\":true,\"valueName\":\"search_term_string\"}}],\"inLanguage\":\"es\"},{\"@type\":\"Organization\",\"@id\":\"https:\\\/\\\/mexaroots.com\\\/#organization\",\"name\":\"mexaroots\",\"url\":\"https:\\\/\\\/mexaroots.com\\\/\",\"logo\":{\"@type\":\"ImageObject\",\"inLanguage\":\"es\",\"@id\":\"https:\\\/\\\/mexaroots.com\\\/#\\\/schema\\\/logo\\\/image\\\/\",\"url\":\"http:\\\/\\\/mexaroots.com\\\/wp-content\\\/uploads\\\/2023\\\/11\\\/horizontal_tagline_on_white_by_logaster-tarjeta-1.jpeg\",\"contentUrl\":\"http:\\\/\\\/mexaroots.com\\\/wp-content\\\/uploads\\\/2023\\\/11\\\/horizontal_tagline_on_white_by_logaster-tarjeta-1.jpeg\",\"width\":2000,\"height\":899,\"caption\":\"mexaroots\"},\"image\":{\"@id\":\"https:\\\/\\\/mexaroots.com\\\/#\\\/schema\\\/logo\\\/image\\\/\"},\"sameAs\":[\"https:\\\/\\\/www.facebook.com\\\/profile.php?id=100067409058150\"]}]}<\/script>\n<!-- \/ Yoast SEO plugin. -->","yoast_head_json":{"title":"Botella 750ml de mezcal MEXAROOTS alc. vol. 40\u00b0 - mexaroots","description":"Compra mezcal 100% artesanal, directo de Oaxaca. Descubre sabores aut\u00e9nticos y ediciones limitadas con env\u00edos a todo M\u00e9xico.","robots":{"index":"index","follow":"follow","max-snippet":"max-snippet:-1","max-image-preview":"max-image-preview:large","max-video-preview":"max-video-preview:-1"},"canonical":"https:\/\/mexaroots.com\/index.php\/product\/mezcal-artesanal-premium\/","og_locale":"es_MX","og_type":"article","og_title":"Botella 750ml de mezcal MEXAROOTS alc. vol. 40\u00b0 - mexaroots","og_description":"Compra mezcal 100% artesanal, directo de Oaxaca. Descubre sabores aut\u00e9nticos y ediciones limitadas con env\u00edos a todo M\u00e9xico.","og_url":"https:\/\/mexaroots.com\/index.php\/product\/mezcal-artesanal-premium\/","og_site_name":"mexaroots","article_publisher":"https:\/\/www.facebook.com\/profile.php?id=100067409058150","article_modified_time":"2025-07-16T22:47:44+00:00","og_image":[{"width":1201,"height":1600,"url":"https:\/\/mexaroots.com\/wp-content\/uploads\/2023\/12\/WhatsApp-Image-2025-01-22-at-102.jpg","type":"image\/jpeg"}],"twitter_card":"summary_large_image","twitter_misc":{"Tiempo de lectura":"1 minuto"},"schema":{"@context":"https:\/\/schema.org","@graph":[{"@type":"WebPage","@id":"https:\/\/mexaroots.com\/index.php\/product\/mezcal-artesanal-premium\/","url":"https:\/\/mexaroots.com\/index.php\/product\/mezcal-artesanal-premium\/","name":"Botella 750ml de mezcal MEXAROOTS alc. vol. 40\u00b0 - mexaroots","isPartOf":{"@id":"https:\/\/mexaroots.com\/#website"},"primaryImageOfPage":{"@id":"https:\/\/mexaroots.com\/index.php\/product\/mezcal-artesanal-premium\/#primaryimage"},"image":{"@id":"https:\/\/mexaroots.com\/index.php\/product\/mezcal-artesanal-premium\/#primaryimage"},"thumbnailUrl":"https:\/\/mexaroots.com\/wp-content\/uploads\/2023\/12\/WhatsApp-Image-2025-01-22-at-102.jpg","datePublished":"2023-12-27T23:32:47+00:00","dateModified":"2025-07-16T22:47:44+00:00","description":"Compra mezcal 100% artesanal, directo de Oaxaca. Descubre sabores aut\u00e9nticos y ediciones limitadas con env\u00edos a todo M\u00e9xico.","breadcrumb":{"@id":"https:\/\/mexaroots.com\/index.php\/product\/mezcal-artesanal-premium\/#breadcrumb"},"inLanguage":"es","potentialAction":[{"@type":"ReadAction","target":["https:\/\/mexaroots.com\/index.php\/product\/mezcal-artesanal-premium\/"]}]},{"@type":"ImageObject","inLanguage":"es","@id":"https:\/\/mexaroots.com\/index.php\/product\/mezcal-artesanal-premium\/#primaryimage","url":"https:\/\/mexaroots.com\/wp-content\/uploads\/2023\/12\/WhatsApp-Image-2025-01-22-at-102.jpg","contentUrl":"https:\/\/mexaroots.com\/wp-content\/uploads\/2023\/12\/WhatsApp-Image-2025-01-22-at-102.jpg","width":1201,"height":1600},{"@type":"BreadcrumbList","@id":"https:\/\/mexaroots.com\/index.php\/product\/mezcal-artesanal-premium\/#breadcrumb","itemListElement":[{"@type":"ListItem","position":1,"name":"Home","item":"https:\/\/mexaroots.com\/"},{"@type":"ListItem","position":2,"name":"Tienda","item":"https:\/\/mexaroots.com\/index.php\/mezcal-artesanal-premium-2\/"},{"@type":"ListItem","position":3,"name":"Botella 750ml de mezcal MEXAROOTS alc. vol. 40\u00b0"}]},{"@type":"WebSite","@id":"https:\/\/mexaroots.com\/#website","url":"https:\/\/mexaroots.com\/","name":"mexaroots","description":"El sabor de tus raices","publisher":{"@id":"https:\/\/mexaroots.com\/#organization"},"potentialAction":[{"@type":"SearchAction","target":{"@type":"EntryPoint","urlTemplate":"https:\/\/mexaroots.com\/?s={search_term_string}"},"query-input":{"@type":"PropertyValueSpecification","valueRequired":true,"valueName":"search_term_string"}}],"inLanguage":"es"},{"@type":"Organization","@id":"https:\/\/mexaroots.com\/#organization","name":"mexaroots","url":"https:\/\/mexaroots.com\/","logo":{"@type":"ImageObject","inLanguage":"es","@id":"https:\/\/mexaroots.com\/#\/schema\/logo\/image\/","url":"http:\/\/mexaroots.com\/wp-content\/uploads\/2023\/11\/horizontal_tagline_on_white_by_logaster-tarjeta-1.jpeg","contentUrl":"http:\/\/mexaroots.com\/wp-content\/uploads\/2023\/11\/horizontal_tagline_on_white_by_logaster-tarjeta-1.jpeg","width":2000,"height":899,"caption":"mexaroots"},"image":{"@id":"https:\/\/mexaroots.com\/#\/schema\/logo\/image\/"},"sameAs":["https:\/\/www.facebook.com\/profile.php?id=100067409058150"]}]}},"_links":{"self":[{"href":"https:\/\/mexaroots.com\/index.php\/wp-json\/wp\/v2\/product\/152","targetHints":{"allow":["GET"]}}],"collection":[{"href":"https:\/\/mexaroots.com\/index.php\/wp-json\/wp\/v2\/product"}],"about":[{"href":"https:\/\/mexaroots.com\/index.php\/wp-json\/wp\/v2\/types\/product"}],"replies":[{"embeddable":true,"href":"https:\/\/mexaroots.com\/index.php\/wp-json\/wp\/v2\/comments?post=152"}],"wp:featuredmedia":[{"embeddable":true,"href":"https:\/\/mexaroots.com\/index.php\/wp-json\/wp\/v2\/media\/209"}],"wp:attachment":[{"href":"https:\/\/mexaroots.com\/index.php\/wp-json\/wp\/v2\/media?parent=152"}],"wp:term":[{"taxonomy":"product_brand","embeddable":true,"href":"https:\/\/mexaroots.com\/index.php\/wp-json\/wp\/v2\/product_brand?post=152"},{"taxonomy":"product_cat","embeddable":true,"href":"https:\/\/mexaroots.com\/index.php\/wp-json\/wp\/v2\/product_cat?post=152"},{"taxonomy":"product_tag","embeddable":true,"href":"https:\/\/mexaroots.com\/index.php\/wp-json\/wp\/v2\/product_tag?post=152"}],"curies":[{"name":"wp","href":"https:\/\/api.w.org\/{rel}","templated":true}]}}